{"id":946,"date":"2024-10-31T02:50:38","date_gmt":"2024-10-31T06:50:38","guid":{"rendered":"https:\/\/gocareerswipe.com\/soutien\/"},"modified":"2024-10-31T04:14:55","modified_gmt":"2024-10-31T08:14:55","slug":"soutien","status":"publish","type":"page","link":"https:\/\/gocareerswipe.com\/fr\/soutien\/","title":{"rendered":"SOUTIEN"},"content":{"rendered":"\t\t<div data-elementor-type=\"wp-page\" data-elementor-id=\"946\" class=\"elementor elementor-946 elementor-882\" data-elementor-post-type=\"page\">\n\t\t\t\t<div class=\"elementor-element elementor-element-678dfcd6 pagesnormales e-flex e-con-boxed e-con e-parent\" data-id=\"678dfcd6\" data-element_type=\"container\" data-e-type=\"container\" data-settings=\"{&quot;background_background&quot;:&quot;classic&quot;}\">\n\t\t\t\t\t<div class=\"e-con-inner\">\n\t\t\t\t<div class=\"elementor-element elementor-element-75d57908 elementor-widget elementor-widget-text-editor\" data-id=\"75d57908\" data-element_type=\"widget\" data-e-type=\"widget\" data-widget_type=\"text-editor.default\">\n\t\t\t\t<div class=\"elementor-widget-container\">\n\t\t\t\t\t\t\t\t\t<p>Bienvenue dans la documentation de support de Career Swipe. Ce guide vise \u00e0 vous aider avec les probl\u00e8mes ou questions que vous pourriez rencontrer lors de l\u2019utilisation notre application mobile. Veuillez vous r\u00e9f\u00e9rer aux sections suivantes pour trouver les informations dont vous avez besoin:  <\/p>\n<p><strong>D\u00e9buter<\/strong><\/p>\n<p>Cette section fournit des informations pour vous aider \u00e0 d\u00e9marrer sur l\u2019application mobile :<\/p>\n<ul class=\"wp-block-list\">\n<li>Installation et configuration: Retrouvez-nous sur l\u2019App Store ou Google Play sous Carri\u00e8re Glisser<\/li>\n<li>Cr\u00e9ation de compte: \u00c0 partir de la page initiale, vous pouvez cr\u00e9er un compte avec simplemente votre nom et votre adresse e-mail.<\/li>\n<li>Terminez le processus d\u2019int\u00e9gration et vous \u00eates pr\u00eat \u00e0 commencer.<\/li>\n<li>Vous pouvez ajouter des informations suppl\u00e9mentaires dans votre profil pour une exp\u00e9rience plus personnalis\u00e9<\/li>\n<\/ul>\n<p>&nbsp;<\/p>\n<p><strong>Gestion de compte<\/strong><\/p>\n<p>D\u00e9couvrez comment g\u00e9rer votre compte dans l\u2019application :<\/p>\n<ul class=\"wp-block-list\">\n<li>Gestion de profil: instructions sur la mise \u00e0 jour des informations de votre profil, y compris nom d\u2019utilisateur, photo de profil et d\u00e9tails personnels.<\/li>\n<li>Confidentialit\u00e9 et s\u00e9curit\u00e9: nous nous assurons que toutes vos informations personnelles sont prot\u00e9g\u00e9es, Career Swipe ne vous demandera jamais d\u2019informations personnelles, par exemple : carte de cr\u00e9dit, num\u00e9ro de passeport, sexe, informations financi\u00e8res. Si vous recevez un message de Career Swipe vous demandant une de ces informations, refusez-la et faites-le nous savoir. <\/li>\n<li>Nous ne partageons que les informations que vous consentez \u00e0 partager (exp\u00e9rience professionnelle et formation).<\/li>\n<li>R\u00e9cup\u00e9ration de mot de passe: \u00e9tapes pour r\u00e9cup\u00e9rer un mot de passe oubli\u00e9 ou modifier un mot de passe existant un.<\/li>\n<\/ul>\n<p>&nbsp;<\/p>\n<p><strong>Navigation dans l\u2019application<\/strong><\/p>\n<p>D\u00e9couvrez comment naviguer efficacement dans l\u2019application :<\/p>\n<ul class=\"wp-block-list\">\n<li>\u00c0 partir du menu principal, vous pouvez facilement naviguer et consulter les offres d\u2019emploi en balayer vers le bas.<\/li>\n<li>Pour postuler : Cliquez sur un emploi, balayez vers la droite, t\u00e9l\u00e9chargez votre candidature et cliquez sur postuler. Aussi simple que \u00e7a. <\/li>\n<li>Notifications : lorsqu\u2019un responsable du recrutement vous envoie une notification d\u2019embauche, vous pouvez accepter et passer \u00e0 une conversation directe avec eux ou refuser ou fournir une r\u00e9troaction.<\/li>\n<\/ul>\n<br>\n<p><strong>Caract\u00e9ristiques et fonctionnalit\u00e9s<\/strong><\/p>\n<p>Cette section couvre les principales caract\u00e9ristiques et fonctionnalit\u00e9s de l\u2019application :<\/p>\n<ul class=\"wp-block-list\">\n<li>Cr\u00e9ez un profil confidentiel.<\/li>\n<li>Discutez avec le responsable du recrutement.<\/li>\n<li>Suivez votre application<\/li>\n<li>Informez-vous sur les nouvelles opportunit\u00e9s<\/li>\n<\/ul>\n<br>\n<p>\n<strong>Contacter l\u2019assistance<\/strong><\/p>\n\n<p>Si vous n\u2019avez pas trouv\u00e9 les r\u00e9ponses que vous cherchiez ou si vous avez besoin d\u2019aide suppl\u00e9mentaire, veuillez contacter notre \u00e9quipe d\u2019assistance :<\/p>\n\n<ul class=\"wp-block-list\">\n\n<li>Dans l\u2019application , vous trouverez une option contactez-nous pour nous joinder directement.<\/li>\n<li>Courriel de soutien : support@irgt.ca<\/li>\n<li>T\u00e9l\u00e9phone d\u2019assistance : +1-514-991-7852<\/li>\n<\/ul>\n<br>\n<p>Lorsque vous contactez l\u2019assistance, veuillez fournir les informations suivantes pour nous aider \u00e0 vous aider:<\/p>\n<ul class=\"wp-block-list\">\n\n<li>Description d\u00e9taill\u00e9e du probl\u00e8me ou de la question.<\/li>\n<li>Quelle est le meilleur moment pour vous appeler.<\/li>\n<\/ul>\n<p><\/p>\n<p><\/p>\n<p><\/p>\n<p>Nous nous effor\u00e7ons de fournir une assistance rapide et efficace \u00e0 tous nos utilisateurs. Vos commentaires sont pr\u00e9cieux pour nous, et nous appr\u00e9cions votre patience. <\/p>\n<p><strong>Conclusion<\/strong><\/p>\n<p>Nous esp\u00e9rons que cette documentation de support vous a \u00e9t\u00e9 utile pour r\u00e9soudre les probl\u00e8mes que vous pourriez rencontrer lors de l\u2019utilisation de nos services.<\/p>\n\t\t\t\t\t\t\t\t<\/div>\n\t\t\t\t<\/div>\n\t\t\t\t\t<\/div>\n\t\t\t\t<\/div>\n\t\t\t\t<\/div>\n\t\t","protected":false},"excerpt":{"rendered":"<p>Bienvenue dans la documentation de support de Career Swipe. Ce guide vise \u00e0 vous aider avec les probl\u00e8mes ou questions que vous pourriez rencontrer lors de l\u2019utilisation notre application mobile. Veuillez vous r\u00e9f\u00e9rer aux sections suivantes pour trouver les informations dont vous avez besoin: D\u00e9buter Cette section fournit des informations pour vous aider \u00e0 d\u00e9marrer [&hellip;]<\/p>\n","protected":false},"author":8,"featured_media":0,"parent":0,"menu_order":0,"comment_status":"closed","ping_status":"closed","template":"elementor_header_footer","meta":{"_uf_show_specific_survey":0,"_uf_disable_surveys":false,"footnotes":""},"class_list":["post-946","page","type-page","status-publish","hentry"],"yoast_head":"<!-- This site is optimized with the Yoast SEO plugin v27.4 - https:\/\/yoast.com\/product\/yoast-seo-wordpress\/ -->\n<title>SOUTIEN - Career Swipe<\/title>\n<meta name=\"robots\" content=\"index, follow, max-snippet:-1, max-image-preview:large, max-video-preview:-1\" \/>\n<link rel=\"canonical\" href=\"https:\/\/gocareerswipe.com\/fr\/soutien\/\" \/>\n<meta property=\"og:locale\" content=\"fr_FR\" \/>\n<meta property=\"og:type\" content=\"article\" \/>\n<meta property=\"og:title\" content=\"SOUTIEN - Career Swipe\" \/>\n<meta property=\"og:description\" content=\"Bienvenue dans la documentation de support de Career Swipe. Ce guide vise \u00e0 vous aider avec les probl\u00e8mes ou questions que vous pourriez rencontrer lors de l\u2019utilisation notre application mobile. Veuillez vous r\u00e9f\u00e9rer aux sections suivantes pour trouver les informations dont vous avez besoin: D\u00e9buter Cette section fournit des informations pour vous aider \u00e0 d\u00e9marrer [&hellip;]\" \/>\n<meta property=\"og:url\" content=\"https:\/\/gocareerswipe.com\/fr\/soutien\/\" \/>\n<meta property=\"og:site_name\" content=\"Career Swipe\" \/>\n<meta property=\"article:modified_time\" content=\"2024-10-31T08:14:55+00:00\" \/>\n<meta property=\"og:image\" content=\"https:\/\/gocareerswipe.com\/wp-content\/uploads\/2024\/10\/iStock-1846538503-1.jpg\" \/>\n\t<meta property=\"og:image:width\" content=\"1254\" \/>\n\t<meta property=\"og:image:height\" content=\"836\" \/>\n\t<meta property=\"og:image:type\" content=\"image\/jpeg\" \/>\n<meta name=\"twitter:card\" content=\"summary_large_image\" \/>\n<meta name=\"twitter:label1\" content=\"Dur\u00e9e de lecture estim\u00e9e\" \/>\n\t<meta name=\"twitter:data1\" content=\"3 minutes\" \/>\n<script type=\"application\/ld+json\" class=\"yoast-schema-graph\">{\"@context\":\"https:\\\/\\\/schema.org\",\"@graph\":[{\"@type\":\"WebPage\",\"@id\":\"https:\\\/\\\/gocareerswipe.com\\\/fr\\\/soutien\\\/\",\"url\":\"https:\\\/\\\/gocareerswipe.com\\\/fr\\\/soutien\\\/\",\"name\":\"SOUTIEN - Career Swipe\",\"isPartOf\":{\"@id\":\"https:\\\/\\\/gocareerswipe.com\\\/fr\\\/#website\"},\"datePublished\":\"2024-10-31T06:50:38+00:00\",\"dateModified\":\"2024-10-31T08:14:55+00:00\",\"breadcrumb\":{\"@id\":\"https:\\\/\\\/gocareerswipe.com\\\/fr\\\/soutien\\\/#breadcrumb\"},\"inLanguage\":\"fr-FR\",\"potentialAction\":[{\"@type\":\"ReadAction\",\"target\":[\"https:\\\/\\\/gocareerswipe.com\\\/fr\\\/soutien\\\/\"]}]},{\"@type\":\"BreadcrumbList\",\"@id\":\"https:\\\/\\\/gocareerswipe.com\\\/fr\\\/soutien\\\/#breadcrumb\",\"itemListElement\":[{\"@type\":\"ListItem\",\"position\":1,\"name\":\"Home\",\"item\":\"https:\\\/\\\/gocareerswipe.com\\\/fr\\\/\"},{\"@type\":\"ListItem\",\"position\":2,\"name\":\"SOUTIEN\"}]},{\"@type\":\"WebSite\",\"@id\":\"https:\\\/\\\/gocareerswipe.com\\\/fr\\\/#website\",\"url\":\"https:\\\/\\\/gocareerswipe.com\\\/fr\\\/\",\"name\":\"Career Swipe\",\"description\":\"You&#039;re one swipe away from your perfect match!\",\"publisher\":{\"@id\":\"https:\\\/\\\/gocareerswipe.com\\\/fr\\\/#organization\"},\"potentialAction\":[{\"@type\":\"SearchAction\",\"target\":{\"@type\":\"EntryPoint\",\"urlTemplate\":\"https:\\\/\\\/gocareerswipe.com\\\/fr\\\/?s={search_term_string}\"},\"query-input\":{\"@type\":\"PropertyValueSpecification\",\"valueRequired\":true,\"valueName\":\"search_term_string\"}}],\"inLanguage\":\"fr-FR\"},{\"@type\":\"Organization\",\"@id\":\"https:\\\/\\\/gocareerswipe.com\\\/fr\\\/#organization\",\"name\":\"Career Swipe\",\"url\":\"https:\\\/\\\/gocareerswipe.com\\\/fr\\\/\",\"logo\":{\"@type\":\"ImageObject\",\"inLanguage\":\"fr-FR\",\"@id\":\"https:\\\/\\\/gocareerswipe.com\\\/fr\\\/#\\\/schema\\\/logo\\\/image\\\/\",\"url\":\"https:\\\/\\\/gocareerswipe.com\\\/wp-content\\\/uploads\\\/2023\\\/08\\\/cropped-Logo_irgt_app_icon.png\",\"contentUrl\":\"https:\\\/\\\/gocareerswipe.com\\\/wp-content\\\/uploads\\\/2023\\\/08\\\/cropped-Logo_irgt_app_icon.png\",\"width\":512,\"height\":512,\"caption\":\"Career Swipe\"},\"image\":{\"@id\":\"https:\\\/\\\/gocareerswipe.com\\\/fr\\\/#\\\/schema\\\/logo\\\/image\\\/\"},\"sameAs\":[\"https:\\\/\\\/www.instagram.com\\\/gocareerswipe\\\/\",\"https:\\\/\\\/www.linkedin.com\\\/company\\\/services-career-swipe\\\/\"]}]}<\/script>\n<!-- \/ Yoast SEO plugin. -->","yoast_head_json":{"title":"SOUTIEN - Career Swipe","robots":{"index":"index","follow":"follow","max-snippet":"max-snippet:-1","max-image-preview":"max-image-preview:large","max-video-preview":"max-video-preview:-1"},"canonical":"https:\/\/gocareerswipe.com\/fr\/soutien\/","og_locale":"fr_FR","og_type":"article","og_title":"SOUTIEN - Career Swipe","og_description":"Bienvenue dans la documentation de support de Career Swipe. Ce guide vise \u00e0 vous aider avec les probl\u00e8mes ou questions que vous pourriez rencontrer lors de l\u2019utilisation notre application mobile. Veuillez vous r\u00e9f\u00e9rer aux sections suivantes pour trouver les informations dont vous avez besoin: D\u00e9buter Cette section fournit des informations pour vous aider \u00e0 d\u00e9marrer [&hellip;]","og_url":"https:\/\/gocareerswipe.com\/fr\/soutien\/","og_site_name":"Career Swipe","article_modified_time":"2024-10-31T08:14:55+00:00","og_image":[{"width":1254,"height":836,"url":"https:\/\/gocareerswipe.com\/wp-content\/uploads\/2024\/10\/iStock-1846538503-1.jpg","type":"image\/jpeg"}],"twitter_card":"summary_large_image","twitter_misc":{"Dur\u00e9e de lecture estim\u00e9e":"3 minutes"},"schema":{"@context":"https:\/\/schema.org","@graph":[{"@type":"WebPage","@id":"https:\/\/gocareerswipe.com\/fr\/soutien\/","url":"https:\/\/gocareerswipe.com\/fr\/soutien\/","name":"SOUTIEN - Career Swipe","isPartOf":{"@id":"https:\/\/gocareerswipe.com\/fr\/#website"},"datePublished":"2024-10-31T06:50:38+00:00","dateModified":"2024-10-31T08:14:55+00:00","breadcrumb":{"@id":"https:\/\/gocareerswipe.com\/fr\/soutien\/#breadcrumb"},"inLanguage":"fr-FR","potentialAction":[{"@type":"ReadAction","target":["https:\/\/gocareerswipe.com\/fr\/soutien\/"]}]},{"@type":"BreadcrumbList","@id":"https:\/\/gocareerswipe.com\/fr\/soutien\/#breadcrumb","itemListElement":[{"@type":"ListItem","position":1,"name":"Home","item":"https:\/\/gocareerswipe.com\/fr\/"},{"@type":"ListItem","position":2,"name":"SOUTIEN"}]},{"@type":"WebSite","@id":"https:\/\/gocareerswipe.com\/fr\/#website","url":"https:\/\/gocareerswipe.com\/fr\/","name":"Career Swipe","description":"You&#039;re one swipe away from your perfect match!","publisher":{"@id":"https:\/\/gocareerswipe.com\/fr\/#organization"},"potentialAction":[{"@type":"SearchAction","target":{"@type":"EntryPoint","urlTemplate":"https:\/\/gocareerswipe.com\/fr\/?s={search_term_string}"},"query-input":{"@type":"PropertyValueSpecification","valueRequired":true,"valueName":"search_term_string"}}],"inLanguage":"fr-FR"},{"@type":"Organization","@id":"https:\/\/gocareerswipe.com\/fr\/#organization","name":"Career Swipe","url":"https:\/\/gocareerswipe.com\/fr\/","logo":{"@type":"ImageObject","inLanguage":"fr-FR","@id":"https:\/\/gocareerswipe.com\/fr\/#\/schema\/logo\/image\/","url":"https:\/\/gocareerswipe.com\/wp-content\/uploads\/2023\/08\/cropped-Logo_irgt_app_icon.png","contentUrl":"https:\/\/gocareerswipe.com\/wp-content\/uploads\/2023\/08\/cropped-Logo_irgt_app_icon.png","width":512,"height":512,"caption":"Career Swipe"},"image":{"@id":"https:\/\/gocareerswipe.com\/fr\/#\/schema\/logo\/image\/"},"sameAs":["https:\/\/www.instagram.com\/gocareerswipe\/","https:\/\/www.linkedin.com\/company\/services-career-swipe\/"]}]}},"_links":{"self":[{"href":"https:\/\/gocareerswipe.com\/fr\/wp-json\/wp\/v2\/pages\/946","targetHints":{"allow":["GET"]}}],"collection":[{"href":"https:\/\/gocareerswipe.com\/fr\/wp-json\/wp\/v2\/pages"}],"about":[{"href":"https:\/\/gocareerswipe.com\/fr\/wp-json\/wp\/v2\/types\/page"}],"author":[{"embeddable":true,"href":"https:\/\/gocareerswipe.com\/fr\/wp-json\/wp\/v2\/users\/8"}],"replies":[{"embeddable":true,"href":"https:\/\/gocareerswipe.com\/fr\/wp-json\/wp\/v2\/comments?post=946"}],"version-history":[{"count":7,"href":"https:\/\/gocareerswipe.com\/fr\/wp-json\/wp\/v2\/pages\/946\/revisions"}],"predecessor-version":[{"id":997,"href":"https:\/\/gocareerswipe.com\/fr\/wp-json\/wp\/v2\/pages\/946\/revisions\/997"}],"wp:attachment":[{"href":"https:\/\/gocareerswipe.com\/fr\/wp-json\/wp\/v2\/media?parent=946"}],"curies":[{"name":"wp","href":"https:\/\/api.w.org\/{rel}","templated":true}]}}